{"id":352,"date":"2024-06-19T19:57:40","date_gmt":"2024-06-19T23:57:40","guid":{"rendered":"https:\/\/shurouqcrafts.com\/nuestras-artesanias\/"},"modified":"2026-01-24T00:32:17","modified_gmt":"2026-01-24T05:32:17","slug":"nuestras-artesanias","status":"publish","type":"page","link":"https:\/\/shurouqcrafts.com\/es\/nuestras-artesanias\/","title":{"rendered":"Nuestras artesan\u00edas"},"content":{"rendered":"\n<div style=\"height:var(--wp--preset--spacing--50)\" aria-hidden=\"true\" class=\"wp-block-spacer\"><\/div>\n\n\n\n<div class=\"wp-block-group alignwide has-global-padding is-layout-constrained wp-block-group-is-layout-constrained\">\n<h1 class=\"wp-block-heading alignwide has-xx-large-font-size\" style=\"line-height:1.2\">Artesan\u00eda. Traducci\u00f3n.<\/h1>\n\n\n\n<p>Adem\u00e1s de hacer rosarios y coronillas, traducimos documentos, art\u00edculos y libros.<\/p>\n<\/div>\n\n\n\n<div data-wp-context=\"{ &quot;autoclose&quot;: false, &quot;accordionItems&quot;: [] }\" data-wp-interactive=\"core\/accordion\" role=\"group\" class=\"wp-block-accordion is-layout-flow wp-block-accordion-is-layout-flow\">\n<div data-wp-class--is-open=\"state.isOpen\" data-wp-context=\"{ &quot;id&quot;: &quot;accordion-item-1&quot;, &quot;openByDefault&quot;: false }\" data-wp-init=\"callbacks.initAccordionItems\" data-wp-on-window--hashchange=\"callbacks.hashChange\" class=\"wp-block-accordion-item is-layout-flow wp-block-accordion-item-is-layout-flow\">\n<h3 class=\"wp-block-accordion-heading\"><button aria-expanded=\"false\" aria-controls=\"accordion-item-1-panel\" data-wp-bind--aria-expanded=\"state.isOpen\" data-wp-on--click=\"actions.toggle\" data-wp-on--keydown=\"actions.handleKeyDown\" id=\"accordion-item-1\" class=\"wp-block-accordion-heading__toggle\">Ejemplos de nuestras traducciones+<\/button><\/h3>\n\n\n\n<div inert aria-labelledby=\"accordion-item-1\" data-wp-bind--inert=\"!state.isOpen\" id=\"accordion-item-1-panel\" role=\"region\" class=\"wp-block-accordion-panel is-layout-flow wp-block-accordion-panel-is-layout-flow\">\n<p><em>Umbe: 101 Questions and Answers <\/em>by Arturo Picatoste and Agust\u00edn Aranda <\/p>\n\n\n\n<p><a href=\"https:\/\/m.youtube.com\/watch?v=euNTGHDtoSc&amp;pp=ygUpVW1iZSBpbiBhbiBob3VyIGFydHVyb3BlcmlvZGlzdGFjYXTDs2xpY28%3D\">\u00abUMBE IN AN HOUR: MARY EXPLAINS TO US THE END OF THE TIMES AND THE TAKING OF THE PAPACY\u00bb<\/a> <\/p>\n\n\n\n<p><a href=\"https:\/\/m.youtube.com\/watch?v=BRMg4tJd0uo\">\u00abMensaje de Sor Ferial a cat\u00f3licos en Miami que han terminado la novena a Sta. Mariam (abril 2020)\u00bb<\/a><\/p>\n\n\n\n<p><a href=\"https:\/\/m.youtube.com\/watch?v=mlj-QUh-Spk\">\u00abMensaje cuaresma del Carmelo del Ni\u00f1o de Jes\u00fas, Bel\u00e9n\u00bb<\/a><\/p>\n\n\n\n<p><a href=\"https:\/\/m.youtube.com\/watch?v=oJOLFDjRkNE\">\u00abChristmas Message from the Carmel of the Infant Jesus, Bethlehem\u00bb<\/a><\/p>\n\n\n\n<p><a href=\"https:\/\/m.youtube.com\/watch?v=bN4Y9HV6yH4\">\u00abMensaje navide\u00f1a del Carmelo del Ni\u00f1o Jes\u00fas, Bel\u00e9n\u00bb<\/a><\/p>\n<\/div>\n<\/div>\n<\/div>\n\n\n\n<div data-wp-interactive=\"core\/file\" class=\"wp-block-file\"><object data-wp-bind--hidden=\"!state.hasPdfPreview\" hidden class=\"wp-block-file__embed\" data=\"https:\/\/shurouqcrafts.com\/wp-content\/uploads\/2026\/01\/UMBE-101-free-1.pdf\" type=\"application\/pdf\" style=\"width:100%;height:600px\" aria-label=\"Incrustado de Umbe: 101 Questions and Answers.\"><\/object><a id=\"wp-block-file--media-e08d5a7c-f4c3-4276-a1ef-328b67433b61\" href=\"https:\/\/shurouqcrafts.com\/wp-content\/uploads\/2026\/01\/UMBE-101-free-1.pdf\">Umbe: 101 Questions and Answers<\/a><a href=\"https:\/\/shurouqcrafts.com\/wp-content\/uploads\/2026\/01\/UMBE-101-free-1.pdf\" class=\"wp-block-file__button wp-element-button\" download aria-describedby=\"wp-block-file--media-e08d5a7c-f4c3-4276-a1ef-328b67433b61\">Descarga<\/a><\/div>\n\n\n\n<p data-wp-context---core-fit-text=\"core\/fit-text::{&quot;fontSize&quot;:&quot;&quot;}\" data-wp-init---core-fit-text=\"core\/fit-text::callbacks.init\" data-wp-interactive data-wp-style--font-size=\"core\/fit-text::context.fontSize\" class=\"has-fit-text\">Ver original (en castellano) aqu\u00ed:<\/p>\n\n\n\n<div data-wp-interactive=\"core\/file\" class=\"wp-block-file\"><object data-wp-bind--hidden=\"!state.hasPdfPreview\" hidden class=\"wp-block-file__embed\" data=\"https:\/\/shurouqcrafts.com\/wp-content\/uploads\/2026\/01\/Libro-UMBE-gratis.pdf\" type=\"application\/pdf\" style=\"width:100%;height:600px\" aria-label=\"Incrustado de Libro UMBE gratis.\"><\/object><a id=\"wp-block-file--media-d9fe1b0c-03f1-4372-b747-a525e137cd56\" href=\"https:\/\/shurouqcrafts.com\/wp-content\/uploads\/2026\/01\/Libro-UMBE-gratis.pdf\">Libro UMBE gratis<\/a><a href=\"https:\/\/shurouqcrafts.com\/wp-content\/uploads\/2026\/01\/Libro-UMBE-gratis.pdf\" class=\"wp-block-file__button wp-element-button\" download aria-describedby=\"wp-block-file--media-d9fe1b0c-03f1-4372-b747-a525e137cd56\">Descarga<\/a><\/div>\n\n\n\n<p><\/p>\n","protected":false},"excerpt":{"rendered":"<p>Artesan\u00eda. Traducci\u00f3n. Adem\u00e1s de hacer rosarios y coronillas, traducimos documentos, art\u00edculos y libros. Ver original (en castellano) aqu\u00ed:<\/p>\n","protected":false},"author":2,"featured_media":0,"parent":0,"menu_order":0,"comment_status":"closed","ping_status":"closed","template":"","meta":{"_surecart_dashboard_logo_width":"180px","_surecart_dashboard_show_logo":true,"_surecart_dashboard_navigation_orders":true,"_surecart_dashboard_navigation_invoices":true,"_surecart_dashboard_navigation_subscriptions":true,"_surecart_dashboard_navigation_downloads":true,"_surecart_dashboard_navigation_billing":true,"_surecart_dashboard_navigation_account":true,"footnotes":""},"class_list":["post-352","page","type-page","status-publish","hentry"],"_links":{"self":[{"href":"https:\/\/shurouqcrafts.com\/es\/wp-json\/wp\/v2\/pages\/352","targetHints":{"allow":["GET"]}}],"collection":[{"href":"https:\/\/shurouqcrafts.com\/es\/wp-json\/wp\/v2\/pages"}],"about":[{"href":"https:\/\/shurouqcrafts.com\/es\/wp-json\/wp\/v2\/types\/page"}],"author":[{"embeddable":true,"href":"https:\/\/shurouqcrafts.com\/es\/wp-json\/wp\/v2\/users\/2"}],"replies":[{"embeddable":true,"href":"https:\/\/shurouqcrafts.com\/es\/wp-json\/wp\/v2\/comments?post=352"}],"version-history":[{"count":5,"href":"https:\/\/shurouqcrafts.com\/es\/wp-json\/wp\/v2\/pages\/352\/revisions"}],"predecessor-version":[{"id":519,"href":"https:\/\/shurouqcrafts.com\/es\/wp-json\/wp\/v2\/pages\/352\/revisions\/519"}],"wp:attachment":[{"href":"https:\/\/shurouqcrafts.com\/es\/wp-json\/wp\/v2\/media?parent=352"}],"curies":[{"name":"wp","href":"https:\/\/api.w.org\/{rel}","templated":true}]}}