{"id":337,"date":"2024-11-19T23:54:49","date_gmt":"2024-11-20T04:54:49","guid":{"rendered":"https:\/\/shurouqcrafts.com\/quienes-somos\/"},"modified":"2024-12-08T23:28:50","modified_gmt":"2024-12-09T04:28:50","slug":"quienes-somos","status":"publish","type":"page","link":"https:\/\/shurouqcrafts.com\/es\/quienes-somos\/","title":{"rendered":"Qui\u00e9nes somos"},"content":{"rendered":"\n<figure class=\"wp-block-gallery has-nested-images columns-default is-cropped wp-block-gallery-1 is-layout-flex wp-block-gallery-is-layout-flex\">\n<figure class=\"wp-block-image size-full\"><img loading=\"lazy\" decoding=\"async\" width=\"1024\" height=\"768\" data-id=\"216\" src=\"https:\/\/shurouqcrafts.com\/wp-content\/uploads\/2024\/11\/IMG_20241119_225712_802.jpg\" alt=\"\" class=\"wp-image-216\" srcset=\"https:\/\/shurouqcrafts.com\/wp-content\/uploads\/2024\/11\/IMG_20241119_225712_802.jpg 1024w, https:\/\/shurouqcrafts.com\/wp-content\/uploads\/2024\/11\/IMG_20241119_225712_802-300x225.jpg 300w, https:\/\/shurouqcrafts.com\/wp-content\/uploads\/2024\/11\/IMG_20241119_225712_802-768x576.jpg 768w\" sizes=\"auto, (max-width: 1024px) 100vw, 1024px\" \/><\/figure>\n<\/figure>\n\n\n\n<p>Inspirada por el ejemplo de mi abuela, me propuse continuar la herencia familiar de Tierra Santa mediante devociones cat\u00f3licas y trabajos manuales palestinos, conectando con los artesanos de Bel\u00e9n, una poblaci\u00f3n casi extinguida. Tengo la esperanza de que la conexi\u00f3n secular con la tierra por la que caminaron Jes\u00fas, Mar\u00eda, San Jos\u00e9 y los Ap\u00f3stoles pueda recuperarse a trav\u00e9s de Shurouq Crafts.  <\/p>\n\n\n\n<p><\/p>\n\n\n\n<h2 class=\"wp-block-heading\">MADERA DE OLIVO<\/h2>\n\n\n\n<p>El oficio de plantar olivos y recolectar su fruto y su madera se remonta a la \u00e9poca de Jes\u00fas, y con el aumento de los viajes su madera tallada en figuras de la Sagrada Familia y rosarios se convirti\u00f3 en una mercanc\u00eda para quienes deseaban tener una conexi\u00f3n tangible y espiritual con la tierra donde se desarrollaba en el tiempo y en el espacio el drama de la salvaci\u00f3n humana por medio del Verbo Encarnado.  <\/p>\n\n\n\n<p>Esta tierra y sus lugares santos fueron causa del derramamiento de sangre de santos y cruzados, que intentaron defenderlos y defender a la antigua comunidad cristiana palestina. Estos lugares y la antigua comunidad cristiana palestina est\u00e1n a punto de desaparecer si la Cristiandad no hace un esfuerzo concertado, con la ayuda de Dios, para impedir esta cat\u00e1strofe en curso.<\/p>\n\n\n\n<div class=\"wp-block-media-text is-stacked-on-mobile\"><figure class=\"wp-block-media-text__media\"><img loading=\"lazy\" decoding=\"async\" width=\"1024\" height=\"576\" src=\"https:\/\/shurouqcrafts.com\/wp-content\/uploads\/2024\/03\/Carmel-olive-trees-1-1024x576.jpeg\" alt=\"\" class=\"wp-image-53 size-full\" srcset=\"https:\/\/shurouqcrafts.com\/wp-content\/uploads\/2024\/03\/Carmel-olive-trees-1-1024x576.jpeg 1024w, https:\/\/shurouqcrafts.com\/wp-content\/uploads\/2024\/03\/Carmel-olive-trees-1-300x169.jpeg 300w, https:\/\/shurouqcrafts.com\/wp-content\/uploads\/2024\/03\/Carmel-olive-trees-1-768x432.jpeg 768w, https:\/\/shurouqcrafts.com\/wp-content\/uploads\/2024\/03\/Carmel-olive-trees-1-1536x864.jpeg 1536w, https:\/\/shurouqcrafts.com\/wp-content\/uploads\/2024\/03\/Carmel-olive-trees-1-2048x1152.jpeg 2048w\" sizes=\"auto, (max-width: 1024px) 100vw, 1024px\" \/><\/figure><div class=\"wp-block-media-text__content\">\n<p>Saliba Bandak es uno de los pocos cristianos que quedan en Bel\u00e9n, y depende de la venta de recuerdos a los turistas. Sus art\u00edculos pueden adquirirse en: <a href=\"http:\/\/www.genesiscatholic.com\">www.genesiscatholic.com.<\/a><\/p>\n<\/div><\/div>\n\n\n\n<p><\/p>\n\n\n\n<blockquote class=\"wp-block-quote is-layout-flow wp-block-quote-is-layout-flow\">\n<p>Los cristianos somos menos del uno por ciento en Bel\u00e9n, y los turistas han dejado de venir a visitar los lugares santos, por lo que nadie visita mi tienda. -S. B.<\/p>\n<\/blockquote>\n\n\n\n<figure class=\"wp-block-image size-full\"><img loading=\"lazy\" decoding=\"async\" width=\"480\" height=\"640\" src=\"https:\/\/shurouqcrafts.com\/wp-content\/uploads\/2024\/11\/IMG_20241119_234326_172.jpg\" alt=\"\" class=\"wp-image-222\" srcset=\"https:\/\/shurouqcrafts.com\/wp-content\/uploads\/2024\/11\/IMG_20241119_234326_172.jpg 480w, https:\/\/shurouqcrafts.com\/wp-content\/uploads\/2024\/11\/IMG_20241119_234326_172-225x300.jpg 225w\" sizes=\"auto, (max-width: 480px) 100vw, 480px\" \/><figcaption class=\"wp-element-caption\">Saliba Bandak, propietaria de St. Catherine Souvenir<\/figcaption><\/figure>\n\n\n\n<p><\/p>\n","protected":false},"excerpt":{"rendered":"<p>Inspirada por el ejemplo de mi abuela, me propuse continuar la herencia familiar de Tierra Santa mediante devociones cat\u00f3licas y trabajos manuales palestinos, conectando con los artesanos de Bel\u00e9n, una poblaci\u00f3n casi extinguida. Tengo la esperanza de que la conexi\u00f3n secular con la tierra por la que caminaron Jes\u00fas, Mar\u00eda, San Jos\u00e9 y los Ap\u00f3stoles [&hellip;]<\/p>\n","protected":false},"author":2,"featured_media":0,"parent":0,"menu_order":0,"comment_status":"closed","ping_status":"closed","template":"","meta":{"_surecart_dashboard_logo_width":"180px","_surecart_dashboard_show_logo":true,"_surecart_dashboard_navigation_orders":true,"_surecart_dashboard_navigation_invoices":true,"_surecart_dashboard_navigation_subscriptions":true,"_surecart_dashboard_navigation_downloads":true,"_surecart_dashboard_navigation_billing":true,"_surecart_dashboard_navigation_account":true,"footnotes":""},"class_list":["post-337","page","type-page","status-publish","hentry"],"_links":{"self":[{"href":"https:\/\/shurouqcrafts.com\/es\/wp-json\/wp\/v2\/pages\/337","targetHints":{"allow":["GET"]}}],"collection":[{"href":"https:\/\/shurouqcrafts.com\/es\/wp-json\/wp\/v2\/pages"}],"about":[{"href":"https:\/\/shurouqcrafts.com\/es\/wp-json\/wp\/v2\/types\/page"}],"author":[{"embeddable":true,"href":"https:\/\/shurouqcrafts.com\/es\/wp-json\/wp\/v2\/users\/2"}],"replies":[{"embeddable":true,"href":"https:\/\/shurouqcrafts.com\/es\/wp-json\/wp\/v2\/comments?post=337"}],"version-history":[{"count":2,"href":"https:\/\/shurouqcrafts.com\/es\/wp-json\/wp\/v2\/pages\/337\/revisions"}],"predecessor-version":[{"id":366,"href":"https:\/\/shurouqcrafts.com\/es\/wp-json\/wp\/v2\/pages\/337\/revisions\/366"}],"wp:attachment":[{"href":"https:\/\/shurouqcrafts.com\/es\/wp-json\/wp\/v2\/media?parent=337"}],"curies":[{"name":"wp","href":"https:\/\/api.w.org\/{rel}","templated":true}]}}