{"id":199,"date":"2024-06-19T19:59:23","date_gmt":"2024-06-19T23:59:23","guid":{"rendered":"https:\/\/shurouqcrafts.com\/rosario\/"},"modified":"2024-12-13T00:10:49","modified_gmt":"2024-12-13T05:10:49","slug":"rosario","status":"publish","type":"page","link":"https:\/\/shurouqcrafts.com\/es\/nuestras-artesanias\/rosario\/","title":{"rendered":"Rosario"},"content":{"rendered":"\n<p>La devoci\u00f3n del Santo Rosario es una devoci\u00f3n mariana que se remonta a muchos siglos atr\u00e1s. Los Salmos de David, de los cuales hay 150, han sido rezados por los monjes diariamente al menos desde la \u00e9poca de San Antonio del Desierto en Egipto en el siglo III a.C. <\/p>\n\n\n\n<p>Cuando la Sant\u00edsima Virgen Mar\u00eda se apareci\u00f3 a Santo Domingo de Guzm\u00e1n, el fundador de la Orden de los Predicadores, a cuyos miembros se les llama dominicos, le present\u00f3 el Rosario como un medio poderoso con el cual derrotar la herej\u00eda albigense que estaba rampante en su \u00e9poca en Europa, y que segu\u00eda la costumbre mon\u00e1stica de rezar los 150 salmos. El Rosario consiste en rezar 150 Avemar\u00edas, con cada decena separada por un Padrenuestro y un Gloria, y al cual se le asigna un misterio de las vidas de Jes\u00fas y Mar\u00eda para la meditaci\u00f3n.<\/p>\n\n\n\n<p><a href=\"https:\/\/fatima.org\/how-to-pray-the-rosary\/\">C\u00f3mo rezar el Rosario<\/a><\/p>\n\n\n\n<p><\/p>\n\n\n\n<figure class=\"wp-block-image\"><img loading=\"lazy\" decoding=\"async\" width=\"960\" height=\"1280\" src=\"https:\/\/shurouqcrafts.com\/wp-content\/uploads\/2024\/06\/IMG_20240622_160806_519-e1719098213242.jpg\" alt=\"\" class=\"wp-image-143\" srcset=\"https:\/\/shurouqcrafts.com\/wp-content\/uploads\/2024\/06\/IMG_20240622_160806_519-e1719098213242.jpg 960w, https:\/\/shurouqcrafts.com\/wp-content\/uploads\/2024\/06\/IMG_20240622_160806_519-e1719098213242-225x300.jpg 225w, https:\/\/shurouqcrafts.com\/wp-content\/uploads\/2024\/06\/IMG_20240622_160806_519-e1719098213242-768x1024.jpg 768w\" sizes=\"auto, (max-width: 960px) 100vw, 960px\" \/><\/figure>\n\n\n\n<div class=\"wp-block-columns is-layout-flex wp-container-core-columns-is-layout-28f84493 wp-block-columns-is-layout-flex\">\n<div class=\"wp-block-column is-layout-flow wp-block-column-is-layout-flow\" style=\"flex-basis:100%\">\n<div class=\"wp-block-buttons is-layout-flex wp-block-buttons-is-layout-flex\">\n<div class=\"wp-block-button\"><a class=\"wp-block-button__link wp-element-button\" href=\"https:\/\/tienda.shurouqcrafts.com\/products\/rosario-con-la-cruz-de-jerusalen\/\">Comprar ahora<\/a><\/div>\n<\/div>\n<\/div>\n<\/div>\n\n\n\n<figure class=\"wp-block-image size-large\"><img loading=\"lazy\" decoding=\"async\" width=\"768\" height=\"1024\" src=\"https:\/\/shurouqcrafts.com\/wp-content\/uploads\/2024\/12\/IMG_20241122_165724_811-edited-768x1024.jpg\" alt=\"\" class=\"wp-image-362\" srcset=\"https:\/\/shurouqcrafts.com\/wp-content\/uploads\/2024\/12\/IMG_20241122_165724_811-edited-768x1024.jpg 768w, https:\/\/shurouqcrafts.com\/wp-content\/uploads\/2024\/12\/IMG_20241122_165724_811-edited-225x300.jpg 225w, https:\/\/shurouqcrafts.com\/wp-content\/uploads\/2024\/12\/IMG_20241122_165724_811-edited.jpg 960w\" sizes=\"auto, (max-width: 768px) 100vw, 768px\" \/><\/figure>\n\n\n\n<div class=\"wp-block-buttons is-layout-flex wp-block-buttons-is-layout-flex\">\n<div class=\"wp-block-button\"><a class=\"wp-block-button__link wp-element-button\" href=\"https:\/\/tienda.shurouqcrafts.com\/products\/rosario-con-la-medalla-de-san-benito\/\">Comprar ahora<\/a><\/div>\n<\/div>\n\n\n\n<figure class=\"wp-block-image size-large\"><img loading=\"lazy\" decoding=\"async\" width=\"768\" height=\"1024\" src=\"https:\/\/shurouqcrafts.com\/wp-content\/uploads\/2024\/11\/IMG_20241122_185500_868-01-768x1024.jpeg\" alt=\"\" class=\"wp-image-256\" srcset=\"https:\/\/shurouqcrafts.com\/wp-content\/uploads\/2024\/11\/IMG_20241122_185500_868-01-768x1024.jpeg 768w, https:\/\/shurouqcrafts.com\/wp-content\/uploads\/2024\/11\/IMG_20241122_185500_868-01-225x300.jpeg 225w, https:\/\/shurouqcrafts.com\/wp-content\/uploads\/2024\/11\/IMG_20241122_185500_868-01.jpeg 960w\" sizes=\"auto, (max-width: 768px) 100vw, 768px\" \/><\/figure>\n\n\n\n<div class=\"wp-block-buttons is-layout-flex wp-block-buttons-is-layout-flex\">\n<div class=\"wp-block-button\"><a class=\"wp-block-button__link wp-element-button\" href=\"https:\/\/tienda.shurouqcrafts.com\/products\/rosario-con-la-medalla-de-la-santa-faz\/\">Comprar ahora<\/a><\/div>\n<\/div>\n","protected":false},"excerpt":{"rendered":"<p>La devoci\u00f3n del Santo Rosario es una devoci\u00f3n mariana que se remonta a muchos siglos atr\u00e1s. Los Salmos de David, de los cuales hay 150, han sido rezados por los monjes diariamente al menos desde la \u00e9poca de San Antonio del Desierto en Egipto en el siglo III a.C. Cuando la Sant\u00edsima Virgen Mar\u00eda se [&hellip;]<\/p>\n","protected":false},"author":2,"featured_media":0,"parent":352,"menu_order":1,"comment_status":"closed","ping_status":"closed","template":"","meta":{"_surecart_dashboard_logo_width":"180px","_surecart_dashboard_show_logo":true,"_surecart_dashboard_navigation_orders":true,"_surecart_dashboard_navigation_invoices":true,"_surecart_dashboard_navigation_subscriptions":true,"_surecart_dashboard_navigation_downloads":true,"_surecart_dashboard_navigation_billing":true,"_surecart_dashboard_navigation_account":true,"footnotes":""},"class_list":["post-199","page","type-page","status-publish","hentry"],"_links":{"self":[{"href":"https:\/\/shurouqcrafts.com\/es\/wp-json\/wp\/v2\/pages\/199","targetHints":{"allow":["GET"]}}],"collection":[{"href":"https:\/\/shurouqcrafts.com\/es\/wp-json\/wp\/v2\/pages"}],"about":[{"href":"https:\/\/shurouqcrafts.com\/es\/wp-json\/wp\/v2\/types\/page"}],"author":[{"embeddable":true,"href":"https:\/\/shurouqcrafts.com\/es\/wp-json\/wp\/v2\/users\/2"}],"replies":[{"embeddable":true,"href":"https:\/\/shurouqcrafts.com\/es\/wp-json\/wp\/v2\/comments?post=199"}],"version-history":[{"count":6,"href":"https:\/\/shurouqcrafts.com\/es\/wp-json\/wp\/v2\/pages\/199\/revisions"}],"predecessor-version":[{"id":385,"href":"https:\/\/shurouqcrafts.com\/es\/wp-json\/wp\/v2\/pages\/199\/revisions\/385"}],"up":[{"embeddable":true,"href":"https:\/\/shurouqcrafts.com\/es\/wp-json\/wp\/v2\/pages\/352"}],"wp:attachment":[{"href":"https:\/\/shurouqcrafts.com\/es\/wp-json\/wp\/v2\/media?parent=199"}],"curies":[{"name":"wp","href":"https:\/\/api.w.org\/{rel}","templated":true}]}}