{"id":197,"date":"2024-03-16T18:54:44","date_gmt":"2024-03-16T22:54:44","guid":{"rendered":"https:\/\/shurouqcrafts.com\/coronilla-de-la-santa-faz\/"},"modified":"2024-12-08T21:26:15","modified_gmt":"2024-12-09T02:26:15","slug":"coronilla-de-la-santa-faz","status":"publish","type":"page","link":"https:\/\/shurouqcrafts.com\/es\/nuestras-artesanias\/coronilla-de-la-santa-faz\/","title":{"rendered":"Coronilla de la Santa Faz"},"content":{"rendered":"\n<p>Cre\u00e9 esta coronilla de la Santa Faz para aquellos que planean unirse a la Archicofrad\u00eda de la Santa Faz. La devoci\u00f3n al Santo Rostro es \u201cla devoci\u00f3n destinada a salvar a la humanidad\u201d, seg\u00fan el padre Lawrence Daniel Carney III, quien cita al beato Papa P\u00edo IX, quien dijo: \u201cLa reparaci\u00f3n es una obra destinada a salvar a la sociedad\u201d. Rezar la coronilla del Santo Rostro es un acto de reparaci\u00f3n a los Sagrados Corazones e Inmaculados por la profanaci\u00f3n de los domingos y todos los d\u00edas santos de precepto, la blasfemia y la idolatr\u00eda, todas las cuales est\u00e1n institucionalizadas en el sistema com\u00fanmente conocido como socialismo (incluye el comunismo).<\/p>\n\n\n\n<p>El 15 de noviembre de 1843, Sor Mar\u00eda de San Pedro, una santa monja carmelita de Tours, Francia, \u201crecibi\u00f3 la coronilla del Santo Rostro del Se\u00f1or para honrar los cinco sentidos que sufri\u00f3 en su vida y para honrar los tres a\u00f1os de su vida p\u00fablica. El Salmo 67 se repite treinta y tres veces, pidiendo que los enemigos de Dios se dispersen y que, a su rostro, se derritan como cera\u201d. Esta devoci\u00f3n especial al Cristo Sufriente se realiza tradicionalmente el martes anterior al Mi\u00e9rcoles de Ceniza o Martes de Carnaval.<\/p>\n\n\n\n<p>Las medallas centrales son el Rostro de Cristo del Santo Sudario de Tur\u00edn y est\u00e1n inscritas con oraciones en el frente y el reverso.<br><\/p>\n\n\n\n<p>Las palabras alrededor del frente de la medalla son: Illumina Domine Vultum Super Nos que se traduce como Se\u00f1or, que tu rostro brille sobre nosotros.<\/p>\n\n\n\n<p>El reverso tiene inscritas las palabras: Mane Nobiscum Domine, que significa qu\u00e9date con nosotros Se\u00f1or, as\u00ed como las iniciales: AMDG que significa Para la mayor gloria de Dios, y en el centro est\u00e1 el IHS &#8211; Jesucristo Salvador.<\/p>\n\n\n\n<p><br>*Folleto de la Coronilla de la Santa Faz de Jes\u00fas incluido*<\/p>\n\n\n\n<figure class=\"wp-block-image size-large\"><img loading=\"lazy\" decoding=\"async\" width=\"768\" height=\"1024\" src=\"https:\/\/shurouqcrafts.com\/wp-content\/uploads\/2024\/03\/shurouq-website-photo-768x1024.jpeg\" alt=\"\" class=\"wp-image-19\" srcset=\"https:\/\/shurouqcrafts.com\/wp-content\/uploads\/2024\/03\/shurouq-website-photo-768x1024.jpeg 768w, https:\/\/shurouqcrafts.com\/wp-content\/uploads\/2024\/03\/shurouq-website-photo-225x300.jpeg 225w, https:\/\/shurouqcrafts.com\/wp-content\/uploads\/2024\/03\/shurouq-website-photo.jpeg 960w\" sizes=\"auto, (max-width: 768px) 100vw, 768px\" \/><\/figure>\n\n\n\n<div class=\"wp-block-buttons is-layout-flex wp-block-buttons-is-layout-flex\">\n<div class=\"wp-block-button\"><a class=\"wp-block-button__link wp-element-button\" href=\"https:\/\/tienda.shurouqcrafts.com\/products\/coronilla-de-la-santa-faz\/\">Comprar ahora<\/a><\/div>\n<\/div>\n","protected":false},"excerpt":{"rendered":"<p>Cre\u00e9 esta coronilla de la Santa Faz para aquellos que planean unirse a la Archicofrad\u00eda de la Santa Faz. La devoci\u00f3n al Santo Rostro es \u201cla devoci\u00f3n destinada a salvar a la humanidad\u201d, seg\u00fan el padre Lawrence Daniel Carney III, quien cita al beato Papa P\u00edo IX, quien dijo: \u201cLa reparaci\u00f3n es una obra destinada [&hellip;]<\/p>\n","protected":false},"author":2,"featured_media":0,"parent":352,"menu_order":1,"comment_status":"closed","ping_status":"closed","template":"","meta":{"_surecart_dashboard_logo_width":"180px","_surecart_dashboard_show_logo":true,"_surecart_dashboard_navigation_orders":true,"_surecart_dashboard_navigation_invoices":true,"_surecart_dashboard_navigation_subscriptions":true,"_surecart_dashboard_navigation_downloads":true,"_surecart_dashboard_navigation_billing":true,"_surecart_dashboard_navigation_account":true,"footnotes":""},"class_list":["post-197","page","type-page","status-publish","hentry"],"_links":{"self":[{"href":"https:\/\/shurouqcrafts.com\/es\/wp-json\/wp\/v2\/pages\/197","targetHints":{"allow":["GET"]}}],"collection":[{"href":"https:\/\/shurouqcrafts.com\/es\/wp-json\/wp\/v2\/pages"}],"about":[{"href":"https:\/\/shurouqcrafts.com\/es\/wp-json\/wp\/v2\/types\/page"}],"author":[{"embeddable":true,"href":"https:\/\/shurouqcrafts.com\/es\/wp-json\/wp\/v2\/users\/2"}],"replies":[{"embeddable":true,"href":"https:\/\/shurouqcrafts.com\/es\/wp-json\/wp\/v2\/comments?post=197"}],"version-history":[{"count":3,"href":"https:\/\/shurouqcrafts.com\/es\/wp-json\/wp\/v2\/pages\/197\/revisions"}],"predecessor-version":[{"id":349,"href":"https:\/\/shurouqcrafts.com\/es\/wp-json\/wp\/v2\/pages\/197\/revisions\/349"}],"up":[{"embeddable":true,"href":"https:\/\/shurouqcrafts.com\/es\/wp-json\/wp\/v2\/pages\/352"}],"wp:attachment":[{"href":"https:\/\/shurouqcrafts.com\/es\/wp-json\/wp\/v2\/media?parent=197"}],"curies":[{"name":"wp","href":"https:\/\/api.w.org\/{rel}","templated":true}]}}